{"id":3,"date":"2019-03-14T14:56:35","date_gmt":"2019-03-14T13:56:35","guid":{"rendered":"http:\/\/accentpublic.com\/?page_id=3"},"modified":"2021-04-23T20:47:17","modified_gmt":"2021-04-23T18:47:17","slug":"politique-de-confidentialite","status":"publish","type":"page","link":"https:\/\/accentpublic.com\/index.php\/politique-de-confidentialite\/","title":{"rendered":"Politique de confidentialit\u00e9"},"content":{"rendered":"\t\t<div data-elementor-type=\"wp-post\" data-elementor-id=\"3\" class=\"elementor elementor-3\">\n\t\t\t\t\t\t<div class=\"elementor-inner\">\n\t\t\t\t<div class=\"elementor-section-wrap\">\n\t\t\t\t\t\t\t\t\t<section class=\"elementor-section elementor-top-section elementor-element elementor-element-6992f90 elementor-section-stretched elementor-section-full_width elementor-section-height-min-height elementor-section-content-middle elementor-section-height-default elementor-section-items-middle\" data-id=\"6992f90\" data-element_type=\"section\" data-settings=\"{&quot;stretch_section&quot;:&quot;section-stretched&quot;,&quot;background_background&quot;:&quot;classic&quot;,&quot;sticky&quot;:&quot;top&quot;,&quot;sticky_on&quot;:[&quot;desktop&quot;,&quot;tablet&quot;,&quot;mobile&quot;],&quot;sticky_offset&quot;:0,&quot;sticky_effects_offset&quot;:0}\">\n\t\t\t\t\t\t<div class=\"elementor-container elementor-column-gap-default\">\n\t\t\t\t\t\t\t<div class=\"elementor-row\">\n\t\t\t\t\t<div class=\"elementor-column elementor-col-100 elementor-top-column elementor-element elementor-element-c03fde3\" data-id=\"c03fde3\" data-element_type=\"column\">\n\t\t\t<div class=\"elementor-column-wrap elementor-element-populated\">\n\t\t\t\t\t\t\t<div class=\"elementor-widget-wrap\">\n\t\t\t\t\t\t<div class=\"elementor-element elementor-element-c44a398 elementor-widget__width-auto elementor-widget elementor-widget-heading\" data-id=\"c44a398\" data-element_type=\"widget\" data-widget_type=\"heading.default\">\n\t\t\t\t<div class=\"elementor-widget-container\">\n\t\t\t<h2 class=\"elementor-heading-title elementor-size-default\"><a href=\"http:\/\/accentpublic.com\/\"><b>Accent LEGAL |<\/b> <mark> avocatS<\/mark><\/a><\/h2>\t\t<\/div>\n\t\t\t\t<\/div>\n\t\t\t\t\t\t<\/div>\n\t\t\t\t\t<\/div>\n\t\t<\/div>\n\t\t\t\t\t\t\t\t<\/div>\n\t\t\t\t\t<\/div>\n\t\t<\/section>\n\t\t\t\t<section class=\"elementor-section elementor-top-section elementor-element elementor-element-aae756f elementor-section-stretched elementor-section-boxed elementor-section-height-default elementor-section-height-default\" data-id=\"aae756f\" data-element_type=\"section\" data-settings=\"{&quot;stretch_section&quot;:&quot;section-stretched&quot;}\">\n\t\t\t\t\t\t<div class=\"elementor-container elementor-column-gap-default\">\n\t\t\t\t\t\t\t<div class=\"elementor-row\">\n\t\t\t\t\t<div class=\"elementor-column elementor-col-100 elementor-top-column elementor-element elementor-element-01d35ed\" data-id=\"01d35ed\" data-element_type=\"column\">\n\t\t\t<div class=\"elementor-column-wrap elementor-element-populated\">\n\t\t\t\t\t\t\t<div class=\"elementor-widget-wrap\">\n\t\t\t\t\t\t<div class=\"elementor-element elementor-element-d78e89f elementor-widget elementor-widget-text-editor\" data-id=\"d78e89f\" data-element_type=\"widget\" data-widget_type=\"text-editor.default\">\n\t\t\t\t<div class=\"elementor-widget-container\">\n\t\t\t\t\t\t\t\t<div class=\"elementor-text-editor elementor-clearfix\">\n\t\t\t\t<p style=\"text-align: left;\">Mentions l\u00e9gales<\/p><p><strong> OBJET<br \/><\/strong><br \/>Le site accentlegal.fr est un site d\u2019information sur la Cabinet Accent Legal Avocats. Les informations consultables sur le site le sont \u00e0 titre informatif et ne constituent en aucune fa\u00e7on une offre de services.<\/p><p>En cons\u00e9quence, l\u2019utilisateur reconna\u00eet utiliser ces informations sous sa responsabilit\u00e9 exclusive.<\/p><p><strong><strong> COORDONNE\u0301ES DE L\u2019E\u0301DITEUR<\/strong><\/strong><\/p><p><strong><span style=\"font-size: 1rem; font-weight: 400;\">Le pr\u00e9sent site est \u00e9dit\u00e9 par l\u2019AARPI Accent Legal (SIRET\u00a0: 89387172300019).<\/span><br \/><\/strong><\/p><p>Denis Chalavon et Marc Zimmer en sont les Directeurs de la publication.<\/p><p><strong>COORDONNE\u0301ES DE L\u2019HE\u0301BERGEUR<br \/><\/strong><br \/>Le site est h\u00e9berg\u00e9 par la SAS OVH<\/p><p>Immatriculation\u00a0: RCS Lille M\u00e9tropole sous le n\u00b0 424761419<\/p><p>Si\u00e8ge\u00a0: 2 rue Kellermann, 59100 Roubaix (France)<\/p><p><strong> PROPRIE\u0301TE\u0301 INTELLECTUELLE<br \/><\/strong><br \/>Accent Legal est propri\u00e9taire des droits de propri\u00e9t\u00e9 intellectuelle ou d\u00e9tient les droits d\u2019usage sur tous les \u00e9l\u00e9ments accessibles sur le site, notamment les textes, images, graphismes, logo.<\/p><p>Toute reproduction, repr\u00e9sentation, modification, publication, adaptation de tout ou partie des \u00e9l\u00e9ments du site, quel que soit le moyen ou le proc\u00e9d\u00e9 utilis\u00e9, est interdite, sauf autorisation \u00e9crite pr\u00e9alable du directeur de la publication.<\/p><p>Toute exploitation non autoris\u00e9e du site ou de l\u2019un quelconque des \u00e9l\u00e9ments qu\u2019il contient sera consid\u00e9r\u00e9e comme constitutive d\u2019une contrefa\u00e7on et poursuivie conform\u00e9ment aux dispositions des articles du Code de Propri\u00e9t\u00e9 Intellectuelle y aff\u00e9rents.<\/p><p><strong> PROTECTION DES DONNEES PERSONNELLES<br \/><\/strong><\/p><p><strong>Responsable de traitement des donn\u00e9es personnelles<\/strong><\/p><p>Vos donn\u00e9es personnelles sont collect\u00e9es par le cabinet Accent Legal Avocats. Si vous avez des questions relatives au traitement et \u00e0 l\u2019utilisation de vos donn\u00e9es personnelles, vous pouvez contacter notre \u00ab\u00a0D\u00e9l\u00e9gu\u00e9 \u00e0 la Protection des Donn\u00e9es\u00a0\u00bb par courriel\u00a0: contact@accentlegal.fr.<\/p><p><strong>D\u00e9termination des donn\u00e9es personnelles<\/strong><\/p><p>Accent Legal peut \u00eatre amen\u00e9 \u00e0 collecter les donn\u00e9es suivantes vous concernant, en fonction de votre interaction avec le cabinet\u00a0:<\/p><ul><li style=\"list-style-type: none;\"><ul><li>Identifiants personnels\u00a0: comme votre nom, votre pr\u00e9nom, votre civilit\u00e9, votre adresse et code postal, votre date de naissance, votre adresse e-mail, votre entreprise, votre fonction et votre num\u00e9ro de t\u00e9l\u00e9phone portable ou fixe ;<\/li><li>Informations concernant le traitement des courriels et communications qui vous sont adress\u00e9s\u00a0: comme la date et l\u2019heure de r\u00e9ception des courriels, la date et l\u2019heure de leur ouverture, les informations concernant vos interactions avec le contenu transmis.<\/li><\/ul><\/li><\/ul><p><strong>Collecte des donn\u00e9es personnelles<\/strong><\/p><p>Accent Legal peut \u00eatre amen\u00e9 \u00e0 collecter vos donn\u00e9es personnelles dans le cadre suivant\u00a0:<\/p><ul><li style=\"list-style-type: none;\"><ul><li>Interactions avec le cabinet\u00a0dans le cadre notamment d\u2019une prise de contact, d\u2019une prise de rendez-vous, de l\u2019envoi d\u2019un devis, du traitement d\u2019un dossier, de l\u2019envoi d\u2019une candidature, ou d\u2019une inscription \u00e0 une newsletter\u00a0;<\/li><li>Interactions via le site internet accentlegal.fr.<\/li><li>Interactions via les r\u00e9seaux sociaux notamment sur LinkedIn et Facebook en suivant la page du cabinet ou de ses associ\u00e9s ou en aimant les messages post\u00e9s.<\/li><\/ul><\/li><\/ul><p><strong>Utilisation des donn\u00e9es personnelles collect\u00e9es<\/strong><\/p><p>Accent Legal peut \u00eatre amen\u00e9 \u00e0 collecter vos donn\u00e9es personnelles dans les buts suivants :<\/p><ul><li style=\"list-style-type: none;\"><ul><li>Communiquer avec vous par courriel ou courrier postal dans le cadre des missions que vous confiez au cabinet ;<\/li><li>Adresser des informations sur le cabinet et son actualit\u00e9\u00a0;<\/li><li>Adresser de la veille juridique, de l\u2019information relative \u00e0 des formations et des invitations en lien avec l\u2019actualit\u00e9 juridique ;<\/li><li>G\u00e9rer votre candidature \u00e0 une offre d\u2019emploi, de collaboration ou de stage\u00a0;<\/li><li>R\u00e9pondre aux obligations l\u00e9gales ou administratives impos\u00e9es par le l\u00e9gislateur.<\/li><\/ul><\/li><\/ul><p>Accent Legal garantit qu\u2019il ne transmet pas vos donn\u00e9es personnelles collect\u00e9es \u00e0 des tiers, sauf si cela est requis par des dispositions l\u00e9gales ou r\u00e8glementaires, ou que nous disposons de votre autorisation expresse \u00e0 ce sujet. Toute diffusion ou vente de vos donn\u00e9es personnelles collect\u00e9es est exclue.<\/p><p><strong>Dur\u00e9e de conservation des donn\u00e9es personnelles collect\u00e9es<\/strong><\/p><p>Accent Legal conserve vos donn\u00e9es personnelles pendant une dur\u00e9e qui n\u2019exc\u00e8de pas la dur\u00e9e n\u00e9cessaire aux finalit\u00e9s pour lesquelles elles sont collect\u00e9es et trait\u00e9es.<\/p><p><strong>Cookies<\/strong><\/p><p>Votre navigation sur le site www.accentlegal.com\u00a0peut donner lieu \u00e0 l\u2019utilisation de \u00ab\u00a0Cookies\u00a0\u00bb, si vous poursuivez la navigation sans modifier le param\u00e9trage de votre navigateur. \u00a0Les Cookies consistent en une petite quantit\u00e9 de donn\u00e9es install\u00e9es par votre navigateur sur votre disque dur. Une fois reconnus, ils permettent de nous informer sur les caract\u00e9ristiques de votre visite sur notre site (type de navigateur, etc.).<\/p><p>Accent Legal n\u2019utilise pas les cookies pour collecter des informations personnelles. La plupart des navigateurs vous permettent de d\u00e9sactiver les cookies ou de recevoir un avertissement avant qu\u2019un cookie ne soit stock\u00e9 sur votre disque dur. Veuillez-vous reporter aux instructions de votre navigateur pour en savoir plus sur la fa\u00e7on de proc\u00e9der.<\/p><p>Accent Legal est amen\u00e9 \u00e0 utiliser deux types de Cookies :<\/p><ul><li style=\"list-style-type: none;\"><ul><li>Les Cookies de session ou de pr\u00e9f\u00e9rences : ces Cookies sont indispensables \u00e0 la navigation et au bon fonctionnement du site.<\/li><li>Les Cookies de mesure d\u2019audience : ces Cookies permettent de suivre votre navigation sur le site \u00e0 des fins statistiques et pour permettre au cabinet de mieux connaitre son audience pour am\u00e9liorer son service.<\/li><\/ul><\/li><\/ul><p>Si vous refusez l\u2019utilisation de certains cookies, nous rappelons que dans ce cas, il se peut que vous ne puissiez pas profiter pleinement d\u2019une partie significative des fonctions du site.<\/p><p><strong>Vos droits<\/strong><\/p><p>Conform\u00e9ment aux textes applicables, vous disposez \u00e0 l\u2019\u00e9gard de vos donn\u00e9es personnelles des droits suivants\u00a0:<\/p><ul><li style=\"list-style-type: none;\"><ul><li>Droit d\u2019information sur le traitement de vos donn\u00e9es personnelles\u00a0;<\/li><li>Droit d\u2019acc\u00e8s, de rectification et d\u2019effacement de vos donn\u00e9es personnelles\u00a0;<\/li><li>Droit \u00e0 la limitation du traitement de vos donn\u00e9es personnelles\u00a0;<\/li><li>Droit \u00e0 la portabilit\u00e9 des donn\u00e9es personnelles\u00a0;<\/li><li>Droit au retrait du consentement au traitement des donn\u00e9es personnelles\u00a0;<\/li><li>Droit d\u2019introduire une r\u00e9clamation aupr\u00e8s d\u2019une autorit\u00e9 de contr\u00f4le et notamment aupr\u00e8s de la Commission Nationale de l\u2019Informatique et des Libert\u00e9s (<a href=\"http:\/\/www.cnil.fr\/\">cnil.fr<\/a>).<\/li><\/ul><\/li><\/ul><p><strong>Juridiction comp\u00e9tente et droit applicable<\/strong><\/p><p>La pr\u00e9sente politique de protection des donn\u00e9es personnelles est soumise au droit fran\u00e7ais. En cas de litige et dans le cas o\u00f9 un accord amiable ne pourrait intervenir, les tribunaux comp\u00e9tents seront ceux du ressort de la Cour d\u2019appel de Paris.<\/p>\t\t\t\t\t<\/div>\n\t\t\t\t\t\t<\/div>\n\t\t\t\t<\/div>\n\t\t\t\t\t\t<\/div>\n\t\t\t\t\t<\/div>\n\t\t<\/div>\n\t\t\t\t\t\t\t\t<\/div>\n\t\t\t\t\t<\/div>\n\t\t<\/section>\n\t\t\t\t\t\t\t\t\t<\/div>\n\t\t\t<\/div>\n\t\t\t\t\t<\/div>\n\t\t","protected":false},"excerpt":{"rendered":"<p>Accent LEGAL | avocatS Mentions l\u00e9gales OBJETLe site accentlegal.fr est un site d\u2019information sur la Cabinet Accent Legal Avocats. Les informations consultables sur le site le sont \u00e0 titre informatif et ne constituent en aucune fa\u00e7on une offre de services. En cons\u00e9quence, l\u2019utilisateur reconna\u00eet utiliser ces informations sous sa responsabilit\u00e9 exclusive. COORDONNE\u0301ES DE L\u2019E\u0301DITEUR Le &hellip; <\/p>\n<p class=\"link-more\"><a href=\"https:\/\/accentpublic.com\/index.php\/politique-de-confidentialite\/\" class=\"more-link\">Continue reading<span class=\"screen-reader-text\"> &#8220;Politique de confidentialit\u00e9&#8221;<\/span><\/a><\/p>\n","protected":false},"author":1,"featured_media":0,"parent":0,"menu_order":0,"comment_status":"closed","ping_status":"open","template":"elementor_canvas","meta":[],"_links":{"self":[{"href":"https:\/\/accentpublic.com\/index.php\/wp-json\/wp\/v2\/pages\/3"}],"collection":[{"href":"https:\/\/accentpublic.com\/index.php\/wp-json\/wp\/v2\/pages"}],"about":[{"href":"https:\/\/accentpublic.com\/index.php\/wp-json\/wp\/v2\/types\/page"}],"author":[{"embeddable":true,"href":"https:\/\/accentpublic.com\/index.php\/wp-json\/wp\/v2\/users\/1"}],"replies":[{"embeddable":true,"href":"https:\/\/accentpublic.com\/index.php\/wp-json\/wp\/v2\/comments?post=3"}],"version-history":[{"count":13,"href":"https:\/\/accentpublic.com\/index.php\/wp-json\/wp\/v2\/pages\/3\/revisions"}],"predecessor-version":[{"id":859,"href":"https:\/\/accentpublic.com\/index.php\/wp-json\/wp\/v2\/pages\/3\/revisions\/859"}],"wp:attachment":[{"href":"https:\/\/accentpublic.com\/index.php\/wp-json\/wp\/v2\/media?parent=3"}],"curies":[{"name":"wp","href":"https:\/\/api.w.org\/{rel}","templated":true}]}}